{"id":2039,"date":"2016-05-31T18:05:31","date_gmt":"2016-05-31T18:05:31","guid":{"rendered":"http:\/\/amlight.net\/?page_id=2039"},"modified":"2021-11-22T11:09:19","modified_gmt":"2021-11-22T16:09:19","slug":"amlight-partners","status":"publish","type":"page","link":"https:\/\/www.amlight.net\/?page_id=2039","title":{"rendered":"AmLight Partners"},"content":{"rendered":"<p>&nbsp;<\/p>\n<h3><a href=\"http:\/\/ampath.net\/\" target=\"_blank\" rel=\"noopener noreferrer\"><img decoding=\"async\" class=\"alignleft wp-image-425 size-full\" src=\"http:\/\/amlight.net\/wp-content\/uploads\/2014\/12\/AMPATH-logo.jpg\" alt=\"\" width=\"117\" height=\"135\" \/><\/a><a href=\"http:\/\/ampath.net\/\" target=\"_blank\" rel=\"noopener self noreferrer\">AMPATH<\/a><\/h3>\n<p>AMPATH, at Florida International University, supports AmLight East connectors at Miami and Sao Paulo, operating as an international exchange point for the southeast U.S. and Latin America.<\/p>\n<p>&nbsp;<\/p>\n<p>&nbsp;<\/p>\n<h3><a href=\"http:\/\/atlanticwave.net\/\" target=\"_blank\" rel=\"noopener self noreferrer\">Atla<img decoding=\"async\" class=\"alignleft wp-image-416 size-full\" src=\"http:\/\/amlight.net\/wp-content\/uploads\/2014\/12\/AtlanicWave.gif\" alt=\"\" width=\"192\" height=\"82\" \/>nticWave<\/a><\/h3>\n<p>AtlanticWave, supported by FIU and the Southeast Universities Research Association (SURA), provides distributed exchange point peering, with U.S. and international R&amp;E and Federal backbone networks along the Atlantic rim from New York to Miami, then from Miami to Sao Paulo, over the IRNC link to Latin America.<\/p>\n<p>&nbsp;<\/p>\n<h3><a href=\"http:\/\/amlight.net\/wp-content\/uploads\/2014\/11\/aura_logo_small.jpg\" target=\"_blank\" rel=\"noopener self noreferrer\"><img decoding=\"async\" class=\" wp-image-2045 alignleft\" src=\"http:\/\/amlight.net\/wp-content\/uploads\/2014\/11\/aura_logo_small-300x141.jpg\" alt=\"\" width=\"198\" height=\"93\" srcset=\"https:\/\/www.amlight.net\/wp-content\/uploads\/2014\/11\/aura_logo_small-300x141.jpg 300w, https:\/\/www.amlight.net\/wp-content\/uploads\/2014\/11\/aura_logo_small.jpg 589w\" sizes=\"(max-width: 198px) 100vw, 198px\" \/><\/a><a href=\"http:\/\/www.aura-astronomy.org\/\" target=\"_blank\" rel=\"noopener noreferrer\">AURA<\/a><\/h3>\n<p>The Association of Universities for Research in Astronomy (AURA) is a consortium of 40 US institutions and 4 international affiliates that operates world-class astronomical observatories. AURA\u2019s role is to establish, nurture, and promote public observatories and facilities that advance innovative astronomical research. In addition, AURA is deeply committed to public and educational outreach, and to diversity throughout the astronomical and scientific workforce. AURA carries out its role through its astronomical facilities.<\/p>\n<p>&nbsp;<\/p>\n<h3><a href=\"http:\/\/www.canarie.ca\/network\/\" target=\"_blank\" rel=\"noopener noreferrer\"><img decoding=\"async\" class=\"alignleft wp-image-417\" src=\"http:\/\/amlight.net\/wp-content\/uploads\/2014\/12\/canarie-logo.png\" alt=\"\" width=\"208\" height=\"67\" srcset=\"https:\/\/www.amlight.net\/wp-content\/uploads\/2014\/12\/canarie-logo-300x96.png 300w, https:\/\/www.amlight.net\/wp-content\/uploads\/2014\/12\/canarie-logo.png 350w\" sizes=\"(max-width: 208px) 100vw, 208px\" \/><\/a><a href=\"http:\/\/www.canarie.ca\/\" target=\"_blank\" rel=\"noopener self noreferrer\">Canarie<\/a><\/h3>\n<p>Canarie, Canada\u2019s NREN, interconnects with U.S. R&amp;E networks at PacificWave (Seattle), StarLight (Chicago), MANLAN (New York), and peers with Latin American NRENs over AtlanticWave and PacificWave.<\/p>\n<p>&nbsp;<\/p>\n<h3><a href=\"http:\/\/www.cenic.org\/\"><img decoding=\"async\" class=\"alignleft wp-image-353 size-full\" src=\"http:\/\/amlight.net\/wp-content\/uploads\/2014\/12\/CENIC_logoUL_trans1.jpg\" alt=\"\" width=\"158\" height=\"115\" \/><\/a><a href=\"http:\/\/www.cenic.org\/\" target=\"_blank\" rel=\"noopener self noreferrer\">CENIC<\/a><\/h3>\n<p>CENIC supports AmLight West (currently WHREN) connectors at Tijuana to reach U.S. and international R&amp;E networks along the west coast.<\/p>\n<p>&nbsp;<\/p>\n<p>&nbsp;<\/p>\n<h3><a href=\"http:\/\/www.redclara.net\/\" target=\"_blank\" rel=\"noopener noreferrer\"><img decoding=\"async\" class=\"alignleft wp-image-419\" src=\"http:\/\/amlight.net\/wp-content\/uploads\/2014\/12\/Logo_RedCLARA_slogan_sm.jpg\" alt=\"\" width=\"209\" height=\"81\" srcset=\"https:\/\/www.amlight.net\/wp-content\/uploads\/2014\/12\/Logo_RedCLARA_slogan_sm-300x116.jpg 300w, https:\/\/www.amlight.net\/wp-content\/uploads\/2014\/12\/Logo_RedCLARA_slogan_sm.jpg 591w\" sizes=\"(max-width: 209px) 100vw, 209px\" \/><\/a><a href=\"http:\/\/www.redclara.net\/\" target=\"_blank\" rel=\"noopener self noreferrer\">CLARA<\/a><\/h3>\n<p>CLARA, the Latin American Cooperation of Advanced Networks (Cooperaci\u00f3n Latino Americana de Redes Avanzadas), is a non profit organization whose members are the NRENs of Latin America, and which is in charge of the management, development and operation of RedCLARA as well as the coordination of Latin America\u2019s research networking activities. RedCLARA directly connects to AmLight links in Sao Paulo, Miami and Tijuana. Latin American NRENs connected to redCLARA:<\/p>\n<p>Argentina: Innova-Red | Brasil: RNP | Chile: REUNA | Colombia: RENATA | Costa Rica: RedCONARE | Ecuador: CEDIA | El Salvador: RAICES | Guatemala: RAGIE | M\u00e9xico: CUDI | Panam\u00e1: RedCYT | Per\u00fa: RAAP | Uruguay: RAU | Venezuela: REACCIUN<\/p>\n<p>&nbsp;<\/p>\n<h3><a href=\"http:\/\/www.cudi.edu.mx\/\" target=\"_blank\" rel=\"noopener noreferrer\"><img decoding=\"async\" class=\"alignleft wp-image-430\" src=\"http:\/\/amlight.net\/wp-content\/uploads\/2014\/12\/logocudi380.png\" alt=\"\" width=\"216\" height=\"45\" srcset=\"https:\/\/www.amlight.net\/wp-content\/uploads\/2014\/12\/logocudi380-300x62.png 300w, https:\/\/www.amlight.net\/wp-content\/uploads\/2014\/12\/logocudi380.png 380w\" sizes=\"(max-width: 216px) 100vw, 216px\" \/><\/a><a href=\"http:\/\/www.cudi.edu.mx\/\" target=\"_blank\" rel=\"noopener self noreferrer\">Corporaci\u00f3n Universitaria para el Desarrollo de Internet (CUDI)<\/a><\/h3>\n<p>CUDI, Mexico\u2019s NREN, directly connects to AmLight West at 1G, supported by CENIC, and AmLight Central at 1G, supported by LEARN, to enhance collaborations between U.S. and Mexico.<\/p>\n<p>&nbsp;<\/p>\n<h3>C-Wave<\/h3>\n<p>Cisco Research Wave (C-Wave), supported by Cisco, in collaboration with NLR, provides a national backbone for experimentation. C-Wave connects to AmLight links in Miami and Los Angeles.<\/p>\n<p>&nbsp;<\/p>\n<h3><a href=\"http:\/\/www.flrnet.org\/\" target=\"_blank\" rel=\"noopener noreferrer\"><img decoding=\"async\" class=\"alignleft wp-image-434\" src=\"http:\/\/amlight.net\/wp-content\/uploads\/2014\/12\/FLR.jpg\" alt=\"\" width=\"139\" height=\"89\" srcset=\"https:\/\/www.amlight.net\/wp-content\/uploads\/2014\/12\/FLR-300x191.jpg 300w, https:\/\/www.amlight.net\/wp-content\/uploads\/2014\/12\/FLR-320x202.jpg 320w, https:\/\/www.amlight.net\/wp-content\/uploads\/2014\/12\/FLR-460x295.jpg 460w, https:\/\/www.amlight.net\/wp-content\/uploads\/2014\/12\/FLR.jpg 472w\" sizes=\"(max-width: 139px) 100vw, 139px\" \/><\/a><a href=\"http:\/\/www.flrnet.org\/\" rel=\"self\">Florida LambdaRail (FLR)<\/a><\/h3>\n<p>FLR is the regional optical network of Florida, dedicated to supporting the production of knowledge and prosperity in Florida by using its 1,540 mile state-spanning high-speed fiber optic network for world-class research, education and economic development. FLR participates in the AtlanticWave.<\/p>\n<p>&nbsp;<\/p>\n<h3><a href=\"http:\/\/www.internet2.edu\/\" target=\"_blank\" rel=\"noopener noreferrer\"><img decoding=\"async\" class=\"alignleft wp-image-418\" src=\"http:\/\/amlight.net\/wp-content\/uploads\/2014\/12\/internet2.jpg\" alt=\"\" width=\"134\" height=\"105\" \/><\/a><a href=\"http:\/\/www.internet2.edu\/\" target=\"_blank\" rel=\"noopener self noreferrer\">Internet2<\/a><\/h3>\n<p>Internet2, U.S. national backbone network, peers with Latin American R&amp;E networks over AtlanticWave and PacificWave, from multiple peering points.<\/p>\n<p>&nbsp;<\/p>\n<p>&nbsp;<\/p>\n<h3><a href=\"http:\/\/www.tx-learn.org\/\" target=\"_blank\" rel=\"noopener noreferrer\"><img decoding=\"async\" class=\"alignleft wp-image-435\" src=\"http:\/\/amlight.net\/wp-content\/uploads\/2014\/12\/LEARN.jpg\" alt=\"\" width=\"161\" height=\"59\" \/><\/a><a href=\"http:\/\/www.tx-learn.org\/\" target=\"_blank\" rel=\"noopener self noreferrer\">LEARN<\/a><\/h3>\n<p>LEARN supports AmLight Central connectors at San Antonio (initially CUDI), to reach U.S. and international R&amp;E networks and communities.<\/p>\n<p>&nbsp;<\/p>\n<p>&nbsp;<\/p>\n<h3><a href=\"http:\/\/www.internet2.edu\/products-services\/advanced-networking\/global-services\/#service-overview\" target=\"_blank\" rel=\"noopener noreferrer\"><img decoding=\"async\" class=\"alignleft wp-image-421\" src=\"http:\/\/amlight.net\/wp-content\/uploads\/2014\/12\/MANLAN-Logo_webRGB.jpg\" alt=\"\" width=\"159\" height=\"102\" \/><\/a><a href=\"http:\/\/www.internet2.edu\/products-services\/advanced-networking\/global-services\/#service-overview\" target=\"_blank\" rel=\"noopener self noreferrer\">MAN LAN<\/a><\/h3>\n<p>MAN LAN supported by Internet2, Indiana University and NYSERNet, operates northeast U.S. international exchange point, and participates in AtlanticWave.<\/p>\n<p>&nbsp;<\/p>\n<p>&nbsp;<\/p>\n<h3><a href=\"http:\/\/www.pacificwave.net\/\" target=\"_blank\" rel=\"noopener noreferrer\"><img decoding=\"async\" class=\"alignleft wp-image-422\" src=\"http:\/\/amlight.net\/wp-content\/uploads\/2014\/12\/PacWaveLogo_300x300.png\" alt=\"\" width=\"113\" height=\"101\" srcset=\"https:\/\/www.amlight.net\/wp-content\/uploads\/2014\/12\/PacWaveLogo_300x300-300x269.png 300w, https:\/\/www.amlight.net\/wp-content\/uploads\/2014\/12\/PacWaveLogo_300x300.png 400w\" sizes=\"(max-width: 113px) 100vw, 113px\" \/><\/a><a href=\"http:\/\/www.pacificwave.net\/\" target=\"_blank\" rel=\"noopener self noreferrer\">PacificWave<\/a><\/h3>\n<p>PacificWave, operated by CENIC and PNWGP, providing connectivity to CUDI and RedCLARA for west coast peering with U.S. and international R&amp;E and U.S. Federal backbone networks along the Pacific rim.<\/p>\n<p>&nbsp;<\/p>\n<p>&nbsp;<\/p>\n<p><a href=\"https:\/\/www.rednesp.br\/en\/\" target=\"_blank\" rel=\"noopener noreferrer\"><img decoding=\"async\" class=\"alignleft wp-image-4637\" src=\"https:\/\/www.amlight.net\/wp-content\/uploads\/2021\/06\/rednesp-300x137.png\" alt=\"\" width=\"200\" height=\"92\" srcset=\"https:\/\/www.amlight.net\/wp-content\/uploads\/2021\/06\/rednesp-200x92.png 200w, https:\/\/www.amlight.net\/wp-content\/uploads\/2021\/06\/rednesp-300x137.png 300w, https:\/\/www.amlight.net\/wp-content\/uploads\/2021\/06\/rednesp-400x183.png 400w, https:\/\/www.amlight.net\/wp-content\/uploads\/2021\/06\/rednesp-540x249.png 540w, https:\/\/www.amlight.net\/wp-content\/uploads\/2021\/06\/rednesp.png 544w\" sizes=\"(max-width: 200px) 100vw, 200px\" \/><\/a><a href=\"https:\/\/www.rednesp.br\/en\/\" target=\"_blank\" rel=\"noopener noreferrer\">Research and Education Network of the State of S\u00e3o Paulo (REDNESP)<\/a><\/p>\n<p>REDNESP, (a.k.a. Academic Network of Sao Paulo \u2013 ANSP) directly connects to AmLight East in Sao Paulo. Funded by FAPESP since its beginning, Rednesp connects today 36 research and education institutions in the State of S\u00e3o Paulo (among themselves and abroad), based on cooperation with international academic consortia and networks such as AmLight, RedCLARA, and GNA-G. In this international plan, Rednesp is co-responsible for managing a 100G fiber optic ring between S\u00e3o Paulo, Miami (USA), and Santiago (Chile), but the network continues to grow: in 2019, the capacity between S\u00e3o Paulo and Miami has already been increased by more 200G, as well as a direct link between Brazil and Africa was opened in 2020.<\/p>\n<p>&nbsp;<\/p>\n<h3><a href=\"http:\/\/www.reuna.cl\/\" target=\"_blank\" rel=\"noopener noreferrer\"><img decoding=\"async\" class=\"alignleft wp-image-1919\" src=\"http:\/\/amlight.net\/wp-content\/uploads\/2014\/11\/REUNA_small.jpg\" alt=\"\" width=\"148\" height=\"69\" srcset=\"https:\/\/www.amlight.net\/wp-content\/uploads\/2014\/11\/REUNA_small-300x141.jpg 300w, https:\/\/www.amlight.net\/wp-content\/uploads\/2014\/11\/REUNA_small.jpg 589w\" sizes=\"(max-width: 148px) 100vw, 148px\" \/><\/a><a href=\"http:\/\/www.reuna.cl\/\" target=\"_blank\" rel=\"noopener self noreferrer\">Red Universitaria Nacional (REUNA, Chile)<\/a><\/h3>\n<p>REUNA was the first Latin-American NREN to be connected to Internet2 in year 2000. \u00a0Operates an R&amp;E backbone network along the Chilean country, providing L2 and L3 services to its members. Would directly connect directly to the AmLight Andes link, which would provide transport to the U.S. astronomy community <div class=\"fusion-fullwidth fullwidth-box fusion-builder-row-1 hundred-percent-fullwidth non-hundred-percent-height-scrolling\" style=\"--awb-border-radius-top-left:0px;--awb-border-radius-top-right:0px;--awb-border-radius-bottom-right:0px;--awb-border-radius-bottom-left:0px;--awb-overflow:visible;--awb-flex-wrap:wrap;\" ><div class=\"fusion-builder-row fusion-row\"><div class=\"fusion-layout-column fusion_builder_column fusion-builder-column-0 fusion_builder_column_1_1 1_1 fusion-one-full fusion-column-first fusion-column-last fusion-column-no-min-height\" style=\"--awb-bg-size:cover;--awb-margin-bottom:0px;\"><div class=\"fusion-column-wrapper fusion-flex-column-wrapper-legacy\">[4] from Santiago to La Serrena in northern Chile. Since May 2008, operates the RedCLARA NOC. \u00a0Plans are underway to upgrade REUNA\u2019s backbone to at least 1Gbps.<\/p>\n<p>&nbsp;<\/p>\n<h3><a href=\"http:\/\/amlight.net\/wp-content\/uploads\/2014\/12\/rnp1.jpg\" target=\"_blank\" rel=\"noopener noreferrer\"><img decoding=\"async\" class=\"alignleft wp-image-423 \" src=\"http:\/\/amlight.net\/wp-content\/uploads\/2014\/12\/rnp1-300x158.jpg\" alt=\"\" width=\"154\" height=\"81\" srcset=\"https:\/\/www.amlight.net\/wp-content\/uploads\/2014\/12\/rnp1-300x158.jpg 300w, https:\/\/www.amlight.net\/wp-content\/uploads\/2014\/12\/rnp1.jpg 850w\" sizes=\"(max-width: 154px) 100vw, 154px\" \/><\/a><a href=\"http:\/\/www.rnp.br\/\" target=\"_blank\" rel=\"noopener self noreferrer\">Rede Nacional de Ensino e Pesquisa (RNP, Brazil)<\/a><\/h3>\n<p>RNP operates the national research and education network and several networks in Brazil, providing access to around 400 institutions in the fields of Higher Education, Research, Health and Culture throughout the country.<\/p>\n<p>&nbsp;<\/p>\n<h3><a href=\"http:\/\/www.startap.net\/starlight\/ABOUT\/\"><img decoding=\"async\" class=\"alignleft wp-image-424\" src=\"http:\/\/amlight.net\/wp-content\/uploads\/2014\/12\/StarLihgt.jpg\" alt=\"\" width=\"173\" height=\"68\" \/><\/a><a href=\"http:\/\/www.startap.net\/starlight\/ABOUT\/\" target=\"_blank\" rel=\"noopener self noreferrer\">StarLight<\/a><\/h3>\n<p>Starlight, operated by Northwestern University and University of Illinois at Chicago, supports U.S. Central international R&amp;E exchange.<\/p>\n<p>&nbsp;<\/p>\n<div class=\"fusion-sharing-box fusion-sharing-box-1 has-taglines layout-floated layout-medium-floated layout-small-floated\" style=\"background-color:#f6f6f6;--awb-layout:row;--awb-alignment-small:space-between;\" data-title=\"AmLight Partners\" data-description=\"&nbsp;\r\nAMPATH\r\nAMPATH, at Florida International University, supports AmLight East connectors at Miami and Sao Paulo, operating as an international exchange point for the southeast U.S. and Latin America.\r\n\r\n&nbsp;\r\n\r\n&nbsp;\r\nAtla\" data-link=\"https:\/\/www.amlight.net\/?page_id=2039\"><h4 class=\"tagline\" style=\"color:#333333;\">Share This Story, Choose Your Platform!<\/h4><div class=\"fusion-social-networks sharingbox-shortcode-icon-wrapper sharingbox-shortcode-icon-wrapper-1\"><span><a href=\"https:\/\/www.facebook.com\/sharer.php?u=https%3A%2F%2Fwww.amlight.net%2F%3Fpage_id%3D2039&amp;t=AmLight%20Partners\" target=\"_blank\" rel=\"noreferrer\" title=\"Facebook\" aria-label=\"Facebook\" data-placement=\"top\" data-toggle=\"tooltip\" data-title=\"Facebook\"><i class=\"fusion-social-network-icon fusion-tooltip fusion-facebook awb-icon-facebook\" style=\"color:#bebdbd;\" aria-hidden=\"true\"><\/i><\/a><\/span><span><a href=\"https:\/\/twitter.com\/share?text=AmLight%20Partners&amp;url=https%3A%2F%2Fwww.amlight.net%2F%3Fpage_id%3D2039\" target=\"_blank\" rel=\"noopener noreferrer\" title=\"Twitter\" aria-label=\"Twitter\" data-placement=\"top\" data-toggle=\"tooltip\" data-title=\"Twitter\"><i class=\"fusion-social-network-icon fusion-tooltip fusion-twitter awb-icon-twitter\" style=\"color:#bebdbd;\" aria-hidden=\"true\"><\/i><\/a><\/span><span><a href=\"https:\/\/reddit.com\/submit?url=https%3A%2F%2Fwww.amlight.net%2F%3Fpage_id%3D2039&amp;title=AmLight%20Partners\" target=\"_blank\" rel=\"noopener noreferrer\" title=\"Reddit\" aria-label=\"Reddit\" data-placement=\"top\" data-toggle=\"tooltip\" data-title=\"Reddit\"><i class=\"fusion-social-network-icon fusion-tooltip fusion-reddit awb-icon-reddit\" style=\"color:#bebdbd;\" aria-hidden=\"true\"><\/i><\/a><\/span><span><a href=\"https:\/\/www.linkedin.com\/shareArticle?mini=true&amp;url=https%3A%2F%2Fwww.amlight.net%2F%3Fpage_id%3D2039&amp;title=AmLight%20Partners&amp;summary=%26nbsp%3B%0D%0AAMPATH%0D%0AAMPATH%2C%20at%20Florida%20International%20University%2C%20supports%20AmLight%20East%20connectors%20at%20Miami%20and%20Sao%20Paulo%2C%20operating%20as%20an%20international%20exchange%20point%20for%20the%20southeast%20U.S.%20and%20Latin%20America.%0D%0A%0D%0A%26nbsp%3B%0D%0A%0D%0A%26nbsp%3B%0D%0AAtla\" target=\"_blank\" rel=\"noopener noreferrer\" title=\"LinkedIn\" aria-label=\"LinkedIn\" data-placement=\"top\" data-toggle=\"tooltip\" data-title=\"LinkedIn\"><i class=\"fusion-social-network-icon fusion-tooltip fusion-linkedin awb-icon-linkedin\" style=\"color:#bebdbd;\" aria-hidden=\"true\"><\/i><\/a><\/span><span><a href=\"https:\/\/api.whatsapp.com\/send?text=https%3A%2F%2Fwww.amlight.net%2F%3Fpage_id%3D2039\" target=\"_blank\" rel=\"noopener noreferrer\" title=\"WhatsApp\" aria-label=\"WhatsApp\" data-placement=\"top\" data-toggle=\"tooltip\" data-title=\"WhatsApp\"><i class=\"fusion-social-network-icon fusion-tooltip fusion-whatsapp awb-icon-whatsapp\" style=\"color:#bebdbd;\" aria-hidden=\"true\"><\/i><\/a><\/span><span><a href=\"https:\/\/www.tumblr.com\/share\/link?url=https%3A%2F%2Fwww.amlight.net%2F%3Fpage_id%3D2039&amp;name=AmLight%20Partners&amp;description=%26nbsp%3B%0D%0AAMPATH%0D%0AAMPATH%2C%20at%20Florida%20International%20University%2C%20supports%20AmLight%20East%20connectors%20at%20Miami%20and%20Sao%20Paulo%2C%20operating%20as%20an%20international%20exchange%20point%20for%20the%20southeast%20U.S.%20and%20Latin%20America.%0D%0A%0D%0A%26nbsp%3B%0D%0A%0D%0A%26nbsp%3B%0D%0AAtla\" target=\"_blank\" rel=\"noopener noreferrer\" title=\"Tumblr\" aria-label=\"Tumblr\" data-placement=\"top\" data-toggle=\"tooltip\" data-title=\"Tumblr\"><i class=\"fusion-social-network-icon fusion-tooltip fusion-tumblr awb-icon-tumblr\" style=\"color:#bebdbd;\" aria-hidden=\"true\"><\/i><\/a><\/span><span><a href=\"https:\/\/pinterest.com\/pin\/create\/button\/?url=https%3A%2F%2Fwww.amlight.net%2F%3Fpage_id%3D2039&amp;description=%26nbsp%3B%0D%0AAMPATH%0D%0AAMPATH%2C%20at%20Florida%20International%20University%2C%20supports%20AmLight%20East%20connectors%20at%20Miami%20and%20Sao%20Paulo%2C%20operating%20as%20an%20international%20exchange%20point%20for%20the%20southeast%20U.S.%20and%20Latin%20America.%0D%0A%0D%0A%26nbsp%3B%0D%0A%0D%0A%26nbsp%3B%0D%0AAtla&amp;media=\" target=\"_blank\" rel=\"noopener noreferrer\" title=\"Pinterest\" aria-label=\"Pinterest\" data-placement=\"top\" data-toggle=\"tooltip\" data-title=\"Pinterest\"><i class=\"fusion-social-network-icon fusion-tooltip fusion-pinterest awb-icon-pinterest\" style=\"color:#bebdbd;\" aria-hidden=\"true\"><\/i><\/a><\/span><span><a href=\"https:\/\/vkontakte.ru\/share.php?url=https%3A%2F%2Fwww.amlight.net%2F%3Fpage_id%3D2039&amp;title=AmLight%20Partners&amp;description=%26nbsp%3B%0D%0AAMPATH%0D%0AAMPATH%2C%20at%20Florida%20International%20University%2C%20supports%20AmLight%20East%20connectors%20at%20Miami%20and%20Sao%20Paulo%2C%20operating%20as%20an%20international%20exchange%20point%20for%20the%20southeast%20U.S.%20and%20Latin%20America.%0D%0A%0D%0A%26nbsp%3B%0D%0A%0D%0A%26nbsp%3B%0D%0AAtla\" target=\"_blank\" rel=\"noopener noreferrer\" title=\"Vk\" aria-label=\"Vk\" data-placement=\"top\" data-toggle=\"tooltip\" data-title=\"Vk\"><i class=\"fusion-social-network-icon fusion-tooltip fusion-vk awb-icon-vk\" style=\"color:#bebdbd;\" aria-hidden=\"true\"><\/i><\/a><\/span><span><a href=\"mailto:?subject=AmLight%20Partners&amp;body=https%3A%2F%2Fwww.amlight.net%2F%3Fpage_id%3D2039\" target=\"_self\" title=\"Email\" aria-label=\"Email\" data-placement=\"top\" data-toggle=\"tooltip\" data-title=\"Email\"><i class=\"fusion-social-network-icon fusion-tooltip fusion-mail awb-icon-mail\" style=\"color:#bebdbd;\" aria-hidden=\"true\"><\/i><\/a><\/span><\/div><\/div><div class=\"fusion-clearfix\"><\/div><\/div><\/div><\/div><\/div><\/p>\n","protected":false},"excerpt":{"rendered":"<p>&nbsp; AMPATH AMPATH, at Florida International University, supports AmLight East connectors at Miami and Sao Paulo, operating as an international exchange point for the southeast [&hellip;]<\/p>\n","protected":false},"author":1,"featured_media":0,"parent":2020,"menu_order":0,"comment_status":"closed","ping_status":"closed","template":"","meta":{"footnotes":""},"_links":{"self":[{"href":"https:\/\/www.amlight.net\/index.php?rest_route=\/wp\/v2\/pages\/2039"}],"collection":[{"href":"https:\/\/www.amlight.net\/index.php?rest_route=\/wp\/v2\/pages"}],"about":[{"href":"https:\/\/www.amlight.net\/index.php?rest_route=\/wp\/v2\/types\/page"}],"author":[{"embeddable":true,"href":"https:\/\/www.amlight.net\/index.php?rest_route=\/wp\/v2\/users\/1"}],"replies":[{"embeddable":true,"href":"https:\/\/www.amlight.net\/index.php?rest_route=%2Fwp%2Fv2%2Fcomments&post=2039"}],"version-history":[{"count":11,"href":"https:\/\/www.amlight.net\/index.php?rest_route=\/wp\/v2\/pages\/2039\/revisions"}],"predecessor-version":[{"id":4735,"href":"https:\/\/www.amlight.net\/index.php?rest_route=\/wp\/v2\/pages\/2039\/revisions\/4735"}],"up":[{"embeddable":true,"href":"https:\/\/www.amlight.net\/index.php?rest_route=\/wp\/v2\/pages\/2020"}],"wp:attachment":[{"href":"https:\/\/www.amlight.net\/index.php?rest_route=%2Fwp%2Fv2%2Fmedia&parent=2039"}],"curies":[{"name":"wp","href":"https:\/\/api.w.org\/{rel}","templated":true}]}}