{"id":1223,"date":"2015-04-02T18:36:27","date_gmt":"2015-04-02T18:36:27","guid":{"rendered":"http:\/\/amlight.net\/?page_id=1223"},"modified":"2021-11-22T18:33:42","modified_gmt":"2021-11-22T23:33:42","slug":"amlight-exp","status":"publish","type":"page","link":"https:\/\/www.amlight.net\/?page_id=1223","title":{"rendered":"AmLight ExP"},"content":{"rendered":"<p><img decoding=\"async\" class=\"alignleft size-full wp-image-1224\" src=\"http:\/\/amlight.net\/wp-content\/uploads\/2015\/04\/AmLlightExP.jpg\" alt=\"AmLlightExP\" width=\"277\" height=\"85\" \/><a href=\"http:\/\/www.nsf.gov\/\" target=\"_blank\" rel=\"noopener noreferrer\"><img decoding=\"async\" class=\" wp-image-308 alignright\" src=\"http:\/\/amlight.net\/wp-content\/uploads\/2014\/12\/nsf.jpg\" alt=\"nsf\" width=\"115\" height=\"84\" \/><\/a><\/p>\n<p>&nbsp;<\/p>\n<p>&nbsp;<\/p>\n<p>&nbsp;<\/p>\n<p><strong>PRESS RELEASE<\/strong><strong>\u00a0<\/strong><br \/>\n<strong>Media Contact:<\/strong><br \/>\nHeidi Morgan, Director<br \/>\nCenter for Internet Augmented Research and Assessment (CIARA)<br \/>\nFlorida International University<br \/>\n305-348-2006<br \/>\n<a href=\"mailto:heidi@fiu.edu,font-size:12px\">heidi@fiu.edu<\/a><\/p>\n<div><strong>Americas Lightpaths Express and Protect enhances Infrastructure for Research and Education<\/strong><\/div>\n<p>Miami, Florida, April 7, 2015 \u2013 Florida International University\u2019s Center for Internet Augmented\u00a0Research and Assessment (CIARA) is pleased to announce the five-year AmLight ExP (IRNC BACKBONE: Americas Lightpaths Express and Protect) NSF <a href=\"http:\/\/nsf.gov\/awardsearch\/showAward?AWD_ID=1451018&amp;HistoricalAwards=false\" target=\"_blank\" rel=\"noopener noreferrer\">Award#ACI-1451018.<\/a><\/p>\n<p>Scientific research and educational activities carried out between the U.S. and Latin American countries have been evolving, benefiting from the shared investments made by the U.S., Brazil and other countries in Latin America. Astronomy, High-Energy Physics, Comparative research in Biodiversity, Ecology and Genomics, Materials Science, Seismology, Future Internet Research, Ultra-High Definition (UHD) video and streaming research are some of the areas of collaborative science research activities, supported by research infrastructures and cyberinfrastructure distributed across the U.S. and Latin America, with diverse requirements for network services. &#8220;As data generated through scientific activities increases, so too does the demand for high-throughput production network services to transport data between the locations where they are collected or generated, and subsequently processed, analyzed and archived. These services must also support the advanced access and data mining uses of the scientific users distributed throughout the Western hemisphere and the world, together with the needs of the teachers and students using these datasets to open the minds of the next generations of researchers as well as citizen scientists,&#8221; said Dr. R. Chris Smith, Director and Head of Mission of AURA Observatory in Chile.<\/p>\n<p>In response to the growing network requirements of these U.S.-Latin America collaborative science research activities, the Americas Lightpaths Express and Protect (AmLight ExP) project implements a hybrid network strategy that combines the use of optical spectrum (Express) and leased capacity (Protect), in order to build a reliable, leading-edge network infrastructure for research and education. Principal Investigator, Dr. Julio Ibarra, the Assistant Vice President for Technology Augmented Research at FIU said, \u201cResearchers will be able to leverage the resources of AmLight ExP to foster network innovation and to address increasing network services requirements between the U.S. and the nations in South America.\u201d Co-Principal Investigator Dr. Donald A. Cox, from Vanderbilt and Fisk Universities, said, \u201cAmLight EXP is possible through the commitment to the sharing of resources and participation in the discourse and governance of the project by institutions representing the science and engineering research and education communities of interest for the Western Hemisphere\u201d. The project partners include: Association for Universities for Research in Astronomy (AURA, USA), Cooperaci\u00f3n Latino Americana de Redes Avanzadas (RedCLARA: Latin America), Internet2 (USA), Red Universitaria Nacional (REUNA:Chile), Research and Education Network at S\u00e3o Paulo, former ANSP Network (REDNESP: S\u00e3o Paulo, Brazil), Rede Nacional de Ensino e Pesquisa (RNP: Brazil), Canadian Advanced Research and Education Network (CANARIE, Canada), the Florida Lambda Rail (FLR, USA) and Florida International University (AtlanticWave and AMPATH, USA).<\/p>\n<p>The total production bandwidth provided by AmLight ExP between the U.S. and South America will grow to more than 680G over the next five years. This will serve as a flexible inter-regional infrastructure, enabling communities of scientists to expand their research, education, and learning activities uniquely empowered through AmLight ExP\u2019s access to unlit optical spectrum on submarine cables, and through employing dynamic circuits in a production environment.<\/p>\n<p>A rational global research and education network can be achieved when people, technology and the operational processes evolve to perform effective and efficient provisioning of resources to support the global e-Science community. Through AmLight ExP spectrum is being set aside to operate as part of the emerging Global Research and Education Network (GREN), initially illuminated with a 100G lightpath between the Internet2 point-of-presences in Jacksonville, Florida, and the RedCLARA point-of\u2013presence in S\u00e3o Paulo, Brazil.<\/p>\n<p>AmLight ExP will serve to increase the rate of discovery in the U.S. and across the Western Hemisphere. Faster discovery means quicker focus on the greatest benefit for society. AmLight ExP will act as a catalyst for new communities of researchers and learners with a bridge linking Latin Americans, benefiting U.S Hispanic students, teachers and researchers. FIU is committed to serving the needs of graduate and undergraduate education through models that bring together students and the networking community with scientists from all domains.<\/p>\n<div>\n<p><strong>About CIARA<\/strong>: Florida International University\u2019s Center for Internet Augmented Research and Assessment (CIARA), in the Division of IT, has developed an international, high-performance research connection point in Miami, Florida, called AMPATH (AMericasPATH; <a href=\"http:\/\/www.ampath.net\/\">www.ampath.net<\/a>). AMPATH extends participation to underrepresented groups in Latin America and the Caribbean, in science and engineering research and education through the use of high-performance network connections. AMPATH is home to the Americas Lightpaths (AmLight) high-performance network links connecting Latin America to the U.S., funded by the National Science Foundation (NSF), award #ACI-0963053 and the Academic Network of S\u00e3o Paulo (award #2003\/13708-0)\u00a0(<a href=\"http:\/\/ciara.fiu.edu\/\" target=\"_blank\" rel=\"noopener noreferrer\">http:\/\/ciara.fiu.edu\/<\/a>).<\/p>\n<p><strong>About REDNESP (former ANSP)<\/strong>: The Research and Education Network at S\u00e3o Paulo (REDNESP), former ANSP, provides connectivity to the top R&amp;E institutions, facilities and researchers in the State of S\u00e3o Paulo, Brazil, including the University of S\u00e3o Paulo, the largest research university in South America. REDNESP directly connects to AmLight in Miami at 20G. REDNESP also provides connectivity to Kyatera, a 9-city dark-fiber-based optical network infrastructure linking 20 research institutions in the state and a number of special infrastructure projects like GridUNESP, one of the largest computational clusters in Latin America, supporting interdisciplinary grid-based science (<a href=\"https:\/\/www.rednesp.br\/en\/\" target=\"_blank\" rel=\"noopener noreferrer\">www.rednesp.br<\/a>).<\/p>\n<p><strong>About RNP<\/strong>: The Brazilian Education and Research Network (RNP), qualified as a Social Organization (OS) by the Brazilian government, is supervised by the Ministry of Science, Technology and Innovation (MCTI), and is maintained through the inter-ministerial RNP program, which also includes the Ministries of Education (MEC), Health (MS) and Culture (MinC). The first Internet provider in Brazil with national coverage, RNP operates a high-performance nationwide network, with points of presence in all 26 states and the national capital, providing service to over 1200 distinct locations. RNP\u2019s more than four million users are making use of an advanced network infrastructure for communication, computation and experimentation, which contributes to the integration of the national systems of Science, Technology and Innovation, of Higher Education, of Health and of Culture (<a href=\"http:\/\/www.rnp.br\/en\" target=\"_blank\" rel=\"noopener noreferrer\">www.rnp.br\/en<\/a>).<\/p>\n<p><strong>About AURA<\/strong>: The Association of Universities for Research in Astronomy (AURA) is a consortium of 40 US institutions and 4 international affiliates that operates world-class astronomical observatories. AURA\u2019s role is to establish, nurture, and promote public observatories and facilities that advance innovative astronomical research. In addition, AURA is deeply committed to\u00a0public and educational outreach, and to\u00a0diversity\u00a0throughout the astronomical and scientific workforce. AURA carries out its role through its astronomical facilities\u00a0(<a href=\"http:\/\/www.aura-astronomy.org\/\" target=\"_blank\" rel=\"noopener noreferrer\">www.aura-astronomy.org<\/a>).<\/p>\n<p><strong>About CLARA<\/strong>: CLARA, the Latin American Cooperation of Advanced Networks (Cooperaci\u00f3n Latino Americana de Redes Avanzadas), is a non-profit organization whose members are the NRENs of Latin America, and which is in charge of the management, development and operation of RedCLARA as well as the coordination of Latin America\u2019s research networking activities. RedCLARA directly connects to AmLight links in S\u00e3o Paulo, Santiago, Miami and Tijuana. Latin American NRENs connected to redCLARA: Argentina (Innova-Red), Brazil (RNP) ,Chile (REUNA), Colombia (RENATA), Costa Rica (RedCONARE), Ecuador (CEDIA), El Salvador (RAICES), Guatemala (RAGIE), M\u00e9xico (CUDI), Panam\u00e1 (RedCYT), Per\u00fa (RAAP), Uruguay (RAU) and Venezuela (REACCIUN)\u00a0(<a href=\"http:\/\/www.redclara.net\/index.php\/en\/\" target=\"_blank\" rel=\"noopener noreferrer\">www.redclara.net<\/a>).<\/p>\n<p><strong>About Internet2<\/strong>: Internet2, U.S. national backbone network, peers with Latin American R&amp;E networks over AtlanticWave and PacificWave, from multiple peering points. Internet2 comprises 252 U.S. universities, 82 leading corporations, 68 affiliate members, including government agencies, 41 regional and state education networks, and more than 65 national research and education networking partners representing over 100 countries\u00a0(<a href=\"http:\/\/www.internet2.edu\/\" target=\"_blank\" rel=\"noopener noreferrer\">www.internet2.edu<\/a>).<\/p>\n<p><strong>About REUNA (<\/strong><strong>Chile)<\/strong>: Red Universitaria Nacional, REUNA, provides a leading digital platform that articulates, connects, and fosters collaboration between those entities that based in Chile belong to the fields of science, education, and the Chilean local culture, connecting them to the rest of the world throughout innovating services. With over 20 years&#8217; experience and currently made up of 31 institutions, REUNA&#8217;s digital platform covers 13 regions between the northern city of Arica and the southern city of Osorno\u00a0(<a href=\"http:\/\/www.reuna.cl\/en\/\" target=\"_blank\" rel=\"noopener noreferrer\">www.reuna.cl\/en\/<\/a>).<\/p>\n<p><strong>About CANARIE (Canada)<\/strong>: Canarie, Canada\u2019s NREN, interconnects with U.S. R&amp;E networks at PacificWave (Seattle), StarLight (Chicago), MANLAN (New York), and peers with Latin American NRENs over AtlanticWave and PacificWave. One million researchers, scientists and students at nearly\u00a02,000 Canadian institutions, including universities, colleges, research institutes, hospitals, and government laboratories have access to the CANARIE Network\u00a0(<a href=\"http:\/\/www.canarie.ca\/\" target=\"_blank\" rel=\"noopener noreferrer\">www.canarie.ca<\/a>).<\/p>\n<p><strong>About Florida LambdaRail<\/strong>: FLR is the regional optical network of Florida, formed as a consortium of the Florida\u2019s research universities, to support their research and education mission\u00a0(<a href=\"http:\/\/www.flrnet.org\/\" target=\"_blank\" rel=\"noopener noreferrer\">www.flrnet.org<\/a>).<\/p>\n<p>Download <a href=\"http:\/\/amlight.net\/wp-content\/uploads\/2015\/04\/AmLightEXP-Press-Release-20150407-Final.pdf\" target=\"_blank\" rel=\"noopener noreferrer\">pdf version here.<\/a><\/p>\n<\/div>\n<table class=\"mcnTextBlock\" border=\"0\" width=\"100%\" cellspacing=\"0\" cellpadding=\"0\">\n<tbody class=\"mcnTextBlockOuter\">\n<tr>\n<td class=\"mcnTextBlockInner\" valign=\"top\">\n<table class=\"mcnTextContentContainer aligncenter\" style=\"height: 123px;\" border=\"0\" width=\"1122\" cellspacing=\"0\" cellpadding=\"0\" align=\"left\">\n<tbody>\n<tr>\n<td class=\"mcnTextContent\" valign=\"top\"><a href=\"http:\/\/ciara.fiu.edu\/\" target=\"_blank\" rel=\"noopener noreferrer\"><img decoding=\"async\" class=\"alignnone wp-image-3578\" src=\"https:\/\/www.amlight.net\/wp-content\/uploads\/2019\/03\/ciara.jpg\" alt=\"\" width=\"70\" height=\"42\" srcset=\"https:\/\/www.amlight.net\/wp-content\/uploads\/2019\/03\/ciara-200x120.jpg 200w, https:\/\/www.amlight.net\/wp-content\/uploads\/2019\/03\/ciara-300x180.jpg 300w, https:\/\/www.amlight.net\/wp-content\/uploads\/2019\/03\/ciara.jpg 360w\" sizes=\"(max-width: 70px) 100vw, 70px\" \/><\/a>\u00a0 <a href=\"http:\/\/amlight.net\/\" target=\"_blank\" rel=\"noopener noreferrer\"><img decoding=\"async\" class=\"alignnone wp-image-3576\" src=\"https:\/\/www.amlight.net\/wp-content\/uploads\/2019\/03\/AMLightLogo_s.jpg\" alt=\"\" width=\"45\" height=\"70\" \/><\/a>\u00a0 \u00a0 <a href=\"http:\/\/www.fiu.edu\/\" target=\"_blank\" rel=\"noopener noreferrer\"><img decoding=\"async\" class=\"wp-image-2066 alignnone\" src=\"https:\/\/www.amlight.net\/wp-content\/uploads\/2014\/11\/FIU_logo.jpg\" alt=\"\" width=\"70\" height=\"44\" srcset=\"https:\/\/www.amlight.net\/wp-content\/uploads\/2014\/11\/FIU_logo-300x187.jpg 300w, https:\/\/www.amlight.net\/wp-content\/uploads\/2014\/11\/FIU_logo-320x202.jpg 320w, https:\/\/www.amlight.net\/wp-content\/uploads\/2014\/11\/FIU_logo.jpg 449w\" sizes=\"(max-width: 70px) 100vw, 70px\" \/><\/a>\u00a0 \u00a0 <a href=\"https:\/\/www.rnp.br\/en\/\" target=\"_blank\" rel=\"noopener noreferrer\"><img decoding=\"async\" class=\"wp-image-4394 alignnone\" src=\"https:\/\/www.amlight.net\/wp-content\/uploads\/2020\/11\/rnp.jpg\" alt=\"\" width=\"70\" height=\"37\" srcset=\"https:\/\/www.amlight.net\/wp-content\/uploads\/2020\/11\/rnp-200x105.jpg 200w, https:\/\/www.amlight.net\/wp-content\/uploads\/2020\/11\/rnp.jpg 300w\" sizes=\"(max-width: 70px) 100vw, 70px\" \/><\/a>\u00a0 <a href=\"https:\/\/www.rednesp.br\/en\/\" target=\"_blank\" rel=\"noopener noreferrer\"><img decoding=\"async\" class=\"alignnone wp-image-4637\" src=\"https:\/\/www.amlight.net\/wp-content\/uploads\/2021\/06\/rednesp.png\" alt=\"\" width=\"81\" height=\"37\" srcset=\"https:\/\/www.amlight.net\/wp-content\/uploads\/2021\/06\/rednesp-200x92.png 200w, https:\/\/www.amlight.net\/wp-content\/uploads\/2021\/06\/rednesp-300x137.png 300w, https:\/\/www.amlight.net\/wp-content\/uploads\/2021\/06\/rednesp-400x183.png 400w, https:\/\/www.amlight.net\/wp-content\/uploads\/2021\/06\/rednesp-540x249.png 540w, https:\/\/www.amlight.net\/wp-content\/uploads\/2021\/06\/rednesp.png 544w\" sizes=\"(max-width: 81px) 100vw, 81px\" \/><\/a>\u00a0 <a href=\"http:\/\/www.reuna.cl\/\" target=\"_blank\" rel=\"noopener noreferrer\"><img decoding=\"async\" class=\"wp-image-1919 alignnone\" src=\"https:\/\/www.amlight.net\/wp-content\/uploads\/2014\/11\/REUNA_small.jpg\" alt=\"\" width=\"70\" height=\"33\" srcset=\"https:\/\/www.amlight.net\/wp-content\/uploads\/2014\/11\/REUNA_small-300x141.jpg 300w, https:\/\/www.amlight.net\/wp-content\/uploads\/2014\/11\/REUNA_small.jpg 589w\" sizes=\"(max-width: 70px) 100vw, 70px\" \/><\/a>\u00a0 \u00a0 <a href=\"http:\/\/www.aura-astronomy.org\/\" target=\"_blank\" rel=\"noopener noreferrer\"><img decoding=\"async\" class=\"wp-image-2045 alignnone\" src=\"https:\/\/www.amlight.net\/wp-content\/uploads\/2014\/11\/aura_logo_small.jpg\" alt=\"\" width=\"70\" height=\"33\" srcset=\"https:\/\/www.amlight.net\/wp-content\/uploads\/2014\/11\/aura_logo_small-300x141.jpg 300w, https:\/\/www.amlight.net\/wp-content\/uploads\/2014\/11\/aura_logo_small.jpg 589w\" sizes=\"(max-width: 70px) 100vw, 70px\" \/><\/a> <a href=\"http:\/\/ampath.net\/\" target=\"_blank\" rel=\"noopener noreferrer\"><img decoding=\"async\" class=\"alignnone wp-image-2802\" src=\"https:\/\/www.amlight.net\/wp-content\/uploads\/2017\/07\/AMPATH_logo.1.jpg\" alt=\"\" width=\"49\" height=\"56\" \/><\/a> <a href=\"http:\/\/www.canarie.ca\/\" target=\"_blank\" rel=\"noopener noreferrer\"><img decoding=\"async\" class=\"alignnone wp-image-2084\" src=\"https:\/\/www.amlight.net\/wp-content\/uploads\/2014\/11\/canarie_logo.jpg\" alt=\"\" width=\"82\" height=\"51\" srcset=\"https:\/\/www.amlight.net\/wp-content\/uploads\/2014\/11\/canarie_logo-300x187.jpg 300w, https:\/\/www.amlight.net\/wp-content\/uploads\/2014\/11\/canarie_logo-320x202.jpg 320w, https:\/\/www.amlight.net\/wp-content\/uploads\/2014\/11\/canarie_logo.jpg 449w\" sizes=\"(max-width: 82px) 100vw, 82px\" \/><\/a> <a href=\"http:\/\/www.redclara.net\/index.php\/en\/\" target=\"_blank\" rel=\"noopener noreferrer\"><img decoding=\"async\" class=\"alignnone wp-image-3914\" src=\"https:\/\/www.amlight.net\/wp-content\/uploads\/2019\/08\/redclara_logo.jpg\" alt=\"\" width=\"85\" height=\"53\" srcset=\"https:\/\/www.amlight.net\/wp-content\/uploads\/2019\/08\/redclara_logo-200x125.jpg 200w, https:\/\/www.amlight.net\/wp-content\/uploads\/2019\/08\/redclara_logo-300x187.jpg 300w, https:\/\/www.amlight.net\/wp-content\/uploads\/2019\/08\/redclara_logo-320x202.jpg 320w, https:\/\/www.amlight.net\/wp-content\/uploads\/2019\/08\/redclara_logo-400x249.jpg 400w, https:\/\/www.amlight.net\/wp-content\/uploads\/2019\/08\/redclara_logo.jpg 449w\" sizes=\"(max-width: 85px) 100vw, 85px\" \/><\/a>\u00a0 <a href=\"http:\/\/www.internet2.edu\/\" target=\"_blank\" rel=\"noopener noreferrer\"><img decoding=\"async\" class=\"wp-image-2078 alignnone\" src=\"https:\/\/www.amlight.net\/wp-content\/uploads\/2014\/11\/I2_logo.jpg\" alt=\"\" width=\"70\" height=\"44\" srcset=\"https:\/\/www.amlight.net\/wp-content\/uploads\/2014\/11\/I2_logo-300x187.jpg 300w, https:\/\/www.amlight.net\/wp-content\/uploads\/2014\/11\/I2_logo-320x202.jpg 320w, https:\/\/www.amlight.net\/wp-content\/uploads\/2014\/11\/I2_logo.jpg 449w\" sizes=\"(max-width: 70px) 100vw, 70px\" \/><\/a> <a href=\"http:\/\/www.flrnet.org\/\" target=\"_blank\" rel=\"noopener noreferrer\"><img decoding=\"async\" class=\"alignnone wp-image-2072\" src=\"https:\/\/www.amlight.net\/wp-content\/uploads\/2014\/11\/FLR.jpg\" alt=\"\" width=\"77\" height=\"48\" srcset=\"https:\/\/www.amlight.net\/wp-content\/uploads\/2014\/11\/FLR-300x187.jpg 300w, https:\/\/www.amlight.net\/wp-content\/uploads\/2014\/11\/FLR-320x202.jpg 320w, https:\/\/www.amlight.net\/wp-content\/uploads\/2014\/11\/FLR.jpg 449w\" sizes=\"(max-width: 77px) 100vw, 77px\" \/><\/a><\/td>\n<\/tr>\n<\/tbody>\n<\/table>\n<\/td>\n<\/tr>\n<\/tbody>\n<\/table>\n<p>&nbsp;<\/p>\n","protected":false},"excerpt":{"rendered":"<p>&nbsp; &nbsp; &nbsp; PRESS RELEASE\u00a0 Media Contact: Heidi Morgan, Director Center for Internet Augmented Research and Assessment (CIARA) Florida International University 305-348-2006 heidi@fiu.edu Americas Lightpaths [&hellip;]<\/p>\n","protected":false},"author":1,"featured_media":0,"parent":0,"menu_order":0,"comment_status":"closed","ping_status":"closed","template":"","meta":{"footnotes":""},"_links":{"self":[{"href":"https:\/\/www.amlight.net\/index.php?rest_route=\/wp\/v2\/pages\/1223"}],"collection":[{"href":"https:\/\/www.amlight.net\/index.php?rest_route=\/wp\/v2\/pages"}],"about":[{"href":"https:\/\/www.amlight.net\/index.php?rest_route=\/wp\/v2\/types\/page"}],"author":[{"embeddable":true,"href":"https:\/\/www.amlight.net\/index.php?rest_route=\/wp\/v2\/users\/1"}],"replies":[{"embeddable":true,"href":"https:\/\/www.amlight.net\/index.php?rest_route=%2Fwp%2Fv2%2Fcomments&post=1223"}],"version-history":[{"count":14,"href":"https:\/\/www.amlight.net\/index.php?rest_route=\/wp\/v2\/pages\/1223\/revisions"}],"predecessor-version":[{"id":4750,"href":"https:\/\/www.amlight.net\/index.php?rest_route=\/wp\/v2\/pages\/1223\/revisions\/4750"}],"wp:attachment":[{"href":"https:\/\/www.amlight.net\/index.php?rest_route=%2Fwp%2Fv2%2Fmedia&parent=1223"}],"curies":[{"name":"wp","href":"https:\/\/api.w.org\/{rel}","templated":true}]}}